{"id":24,"date":"2025-06-30T20:54:50","date_gmt":"2025-06-30T18:54:50","guid":{"rendered":"https:\/\/dagsbild.se\/?page_id=24"},"modified":"2025-07-17T18:05:04","modified_gmt":"2025-07-17T16:05:04","slug":"om","status":"publish","type":"page","link":"http:\/\/dagsbild.se\/index.php\/om\/","title":{"rendered":"Om"},"content":{"rendered":"\n<p>Jag \u00e4r Dag. Detta \u00e4r min hemsida.<\/p>\n\n\n\n<p>Jag kommer nog skriva mer h\u00e4r s\u00e5sm\u00e5ningom&#8230;<\/p>\n\n\n\n<p>Men just nu ar jag fullt upp med att f\u00f6rs\u00f6ka begripa mig p\u00e5 WordPress och hantera allt annat i livet. S\u00e5 tills vidare kommer nog inte s\u00e5 mycket att h\u00e4nda h\u00e4r. Men tanken \u00e4r \u00e4nd\u00e5 att p\u00f6 om p\u00f6 och steg f\u00f6r steg ska en ny hemsida sakta byggas h\u00e4r.<\/p>\n\n\n\n<p><\/p>\n\n\n\n<p><strong>Info-l\u00e4nkar<\/strong><\/p>\n\n\n\n<ul class=\"wp-block-list\">\n<li><a href=\"https:\/\/dagsbild.se\/index.php\/cookies-och-integritet\/\" data-type=\"link\" data-id=\"https:\/\/dagsbild.se\/index.php\/cookies-och-integritet\/\">Cookies och integritet<\/a><\/li>\n\n\n\n<li><a href=\"https:\/\/dagsbild.se\/index.php\/om-mitt-webbhotell-polar55\/\" data-type=\"link\" data-id=\"https:\/\/dagsbild.se\/index.php\/om-mitt-webbhotell-polar55\/\">Om mitt webbhotell Polar55<\/a> (som jag \u00e4r riktigt riktigt n\u00f6jd med!)<\/li>\n<\/ul>\n\n\n\n<p><\/p>\n\n\n\n<p><\/p>\n","protected":false},"excerpt":{"rendered":"<p>Jag \u00e4r Dag. Detta \u00e4r min hemsida. Jag kommer nog skriva mer h\u00e4r s\u00e5sm\u00e5ningom&#8230; Men just nu ar jag fullt upp med att f\u00f6rs\u00f6ka begripa mig p\u00e5 WordPress och hantera allt annat i livet. S\u00e5 tills vidare kommer nog inte s\u00e5 mycket att h\u00e4nda h\u00e4r. Men tanken \u00e4r \u00e4nd\u00e5 att p\u00f6 om p\u00f6 och steg [&hellip;]<\/p>\n","protected":false},"author":1,"featured_media":0,"parent":0,"menu_order":0,"comment_status":"closed","ping_status":"closed","template":"","meta":{"footnotes":""},"class_list":["post-24","page","type-page","status-publish","hentry"],"_links":{"self":[{"href":"http:\/\/dagsbild.se\/index.php\/wp-json\/wp\/v2\/pages\/24","targetHints":{"allow":["GET"]}}],"collection":[{"href":"http:\/\/dagsbild.se\/index.php\/wp-json\/wp\/v2\/pages"}],"about":[{"href":"http:\/\/dagsbild.se\/index.php\/wp-json\/wp\/v2\/types\/page"}],"author":[{"embeddable":true,"href":"http:\/\/dagsbild.se\/index.php\/wp-json\/wp\/v2\/users\/1"}],"replies":[{"embeddable":true,"href":"http:\/\/dagsbild.se\/index.php\/wp-json\/wp\/v2\/comments?post=24"}],"version-history":[{"count":9,"href":"http:\/\/dagsbild.se\/index.php\/wp-json\/wp\/v2\/pages\/24\/revisions"}],"predecessor-version":[{"id":156,"href":"http:\/\/dagsbild.se\/index.php\/wp-json\/wp\/v2\/pages\/24\/revisions\/156"}],"wp:attachment":[{"href":"http:\/\/dagsbild.se\/index.php\/wp-json\/wp\/v2\/media?parent=24"}],"curies":[{"name":"wp","href":"https:\/\/api.w.org\/{rel}","templated":true}]}}